{"id":1950,"date":"2024-07-11T10:57:11","date_gmt":"2024-07-11T10:57:11","guid":{"rendered":"https:\/\/versagrit.com\/politica-de-privacidad\/"},"modified":"2024-08-21T10:18:10","modified_gmt":"2024-08-21T10:18:10","slug":"politica-sulla-privacy","status":"publish","type":"page","link":"https:\/\/versagrit.com\/it\/politica-sulla-privacy\/","title":{"rendered":"Politica sulla Privacy"},"content":{"rendered":"\t\t<div data-elementor-type=\"wp-page\" data-elementor-id=\"1950\" class=\"elementor elementor-1950 elementor-1511\" data-elementor-post-type=\"page\">\n\t\t\t\t<div class=\"elementor-element elementor-element-0a842d3 e-con-full e-flex e-con e-parent\" data-id=\"0a842d3\" data-element_type=\"container\" data-e-type=\"container\">\n\t\t\t\t<div class=\"elementor-element elementor-element-c6e48e6 elementor-widget__width-initial elementor-invisible elementor-widget elementor-widget-heading\" data-id=\"c6e48e6\" data-element_type=\"widget\" data-e-type=\"widget\" data-settings=\"{&quot;_animation&quot;:&quot;fadeInDown&quot;}\" data-widget_type=\"heading.default\">\n\t\t\t\t<div class=\"elementor-widget-container\">\n\t\t\t\t\t<h1 class=\"elementor-heading-title elementor-size-default\">Politica sulla Privacy<\/h1>\t\t\t\t<\/div>\n\t\t\t\t<\/div>\n\t\t\t\t<div class=\"elementor-element elementor-element-a2f2d79 elementor-widget elementor-widget-text-editor\" data-id=\"a2f2d79\" data-element_type=\"widget\" data-e-type=\"widget\" data-widget_type=\"text-editor.default\">\n\t\t\t\t<div class=\"elementor-widget-container\">\n\t\t\t\t\t\t\t\t\t<p><strong>Utilizzo dei dati e Informativa sulla Privacy<\/strong><\/p><p>L&#8217;utilizzo di questo sito web e dei suoi moduli richiede l&#8217;accettazione del trattamento dei dati dell&#8217;utente in conformit\u00e0 con questa politica sulla privacy, inclusa la raccolta di dati di accesso e l&#8217;invio di informazioni commerciali per via elettronica.<\/p><p><strong>Responsabile del Trattamento dei Dati e Informazioni di Contatto<\/strong><\/p><p>Il responsabile \u00e8: COMPLEMENTOS SANITARIOS, S.A.<\/p><p>Indirizzo: AVDA. BERTRAN I G\u00dcELL, 64 APDO.38 08855 GAV\u00c0<\/p><p>Dati di contatto del responsabile: 93 638 22 88 email info@comsan.es<\/p><p><strong>Finalit\u00e0 del Trattamento dei Dati<\/strong><\/p><p>I dati vengono trattati con l&#8217;obiettivo di fornire accesso ai contenuti online del sito, nonch\u00e9 per rispondere alle richieste degli utenti del sito, mantenere un registro delle visite (indirizzi IP, dati del browser, paese, pagina acceduta, ecc.) a scopo statistico, applicare misure di sicurezza del sito, e, se necessario, inviare informazioni commerciali sui nostri prodotti e servizi tramite mezzi elettronici.<\/p><p>Se si compila uno dei moduli, sar\u00e0 necessario fornire determinati dati personali, che verranno trattati per la finalit\u00e0 per cui sono richiesti.<\/p><p><strong>Legittimazione<\/strong><\/p><p>I dati vengono trattati sulla base del consenso dell&#8217;utente, dell&#8217;adempimento di obblighi legali, e, se del caso, per l&#8217;esecuzione di un contratto o precontratto.<\/p><p><strong>Destinatari e Trasferimenti<\/strong><\/p><p>Destinatari: COMPLEMENTOS SANITARIOS, S.A. e aziende del gruppo.<\/p><p>Non \u00e8 previsto alcun trasferimento internazionale (fuori dallo Spazio Economico Europeo), salvo per fini di archiviazione, e in ogni caso basato su una decisione di adeguatezza o su garanzie adeguate.<\/p><p><strong>Periodo di Conservazione dei Dati<\/strong><\/p><p>Almeno per i periodi stabiliti dalla legislazione applicabile e in ogni caso finch\u00e9 permane il consenso.<\/p><p><strong>Diritti degli Interessati<\/strong><\/p><p>Gli interessati hanno il diritto di:<\/p><p>&#8211; Accedere, rettificare e cancellare i propri dati<br \/>&#8211; Richiedere la portabilit\u00e0 dei dati<br \/>&#8211; Opporsi al trattamento o richiedere la limitazione<br \/>&#8211; Revocare il consenso prestato, se applicabile<\/p><p>Per farlo, possono inviare la loro richiesta:<\/p><p>&#8211; Per email, scrivendo a info@comsan.es, specificando nell&#8217;oggetto la referenza \u00abProtezione dei dati\u00bb<br \/>&#8211; Per iscritto, indirizzando la comunicazione a COMSAN, AVDA. BERTRAN I G\u00dcELL, 64 APDO.38 08855 GAV\u00c0 (BARCELLONA)<\/p><p>Possono inoltre presentare un reclamo all&#8217;Autorit\u00e0 di Controllo per la Protezione dei Dati.<\/p><p><strong>Veridicit\u00e0 e Aggiornamento dei Dati<\/strong><\/p><p>L&#8217;utente deve compilare i moduli con dati veri, esatti, completi e aggiornati. L&#8217;utente non inserir\u00e0 dati relativi ad altre persone; COMSAN presumer\u00e0 che i dati siano stati forniti dal titolare degli stessi. L&#8217;utente sar\u00e0 l&#8217;unico responsabile di qualsiasi danno o pregiudizio, diretto o indiretto, che possa derivare dalla compilazione del modulo con dati falsi, inaccurati, incompleti o non aggiornati o relativi ad altre persone.<\/p><p>L&#8217;utente deve comunicare qualsiasi modifica nei dati forniti al fine di mantenere i dati debitamente aggiornati.<\/p><p><strong>Sicurezza delle Informazioni<\/strong><\/p><p>COMSAN ha adottato tutte le misure legalmente richieste per la protezione dei dati personali; inoltre, ha adottato tutte le precauzioni tecniche disponibili per evitare la perdita, l&#8217;uso improprio, l&#8217;alterazione, l&#8217;accesso non autorizzato o il furto dei dati personali forniti dagli utenti del sito web. Tuttavia, l&#8217;utente deve tenere presente che le misure di sicurezza su Internet non sono assolutamente inviolabili.<\/p><p><strong>Minorenni<\/strong><\/p><p>COMSAN vieta l&#8217;uso dei propri servizi web a utenti minori di quattordici anni, salvo espressa autorizzazione dei genitori o tutori.<\/p><p><strong>Analisi Web<\/strong><\/p><p>Questo sito web utilizza diverse analisi per comprendere come viene cercato, accesso e utilizzato dal pubblico. Queste analisi possono comportare la raccolta di dati personali come, ad esempio, l&#8217;indirizzo IP, la localizzazione della connessione, informazioni sul software o hardware di navigazione, ecc. Queste informazioni non sono associate agli utenti e sono utilizzate esclusivamente per ottenere informazioni statistiche sull&#8217;uso del sito web dell&#8217;azienda.<\/p>\t\t\t\t\t\t\t\t<\/div>\n\t\t\t\t<\/div>\n\t\t\t\t<\/div>\n\t\t\t\t<\/div>\n\t\t","protected":false},"excerpt":{"rendered":"<p>Politica sulla Privacy Utilizzo dei dati e Informativa sulla Privacy L&#8217;utilizzo di questo sito web e dei suoi moduli richiede l&#8217;accettazione del trattamento dei dati dell&#8217;utente in conformit\u00e0 con questa politica sulla privacy, inclusa la raccolta di dati di accesso e l&#8217;invio di informazioni commerciali per via elettronica. Responsabile del Trattamento dei Dati e Informazioni [&hellip;]<\/p>\n","protected":false},"author":1,"featured_media":0,"parent":0,"menu_order":0,"comment_status":"closed","ping_status":"closed","template":"","meta":{"footnotes":""},"class_list":["post-1950","page","type-page","status-publish","hentry"],"_links":{"self":[{"href":"https:\/\/versagrit.com\/it\/wp-json\/wp\/v2\/pages\/1950","targetHints":{"allow":["GET"]}}],"collection":[{"href":"https:\/\/versagrit.com\/it\/wp-json\/wp\/v2\/pages"}],"about":[{"href":"https:\/\/versagrit.com\/it\/wp-json\/wp\/v2\/types\/page"}],"author":[{"embeddable":true,"href":"https:\/\/versagrit.com\/it\/wp-json\/wp\/v2\/users\/1"}],"replies":[{"embeddable":true,"href":"https:\/\/versagrit.com\/it\/wp-json\/wp\/v2\/comments?post=1950"}],"version-history":[{"count":5,"href":"https:\/\/versagrit.com\/it\/wp-json\/wp\/v2\/pages\/1950\/revisions"}],"predecessor-version":[{"id":1955,"href":"https:\/\/versagrit.com\/it\/wp-json\/wp\/v2\/pages\/1950\/revisions\/1955"}],"wp:attachment":[{"href":"https:\/\/versagrit.com\/it\/wp-json\/wp\/v2\/media?parent=1950"}],"curies":[{"name":"wp","href":"https:\/\/api.w.org\/{rel}","templated":true}]}}