{"id":1866,"date":"2024-07-11T11:01:44","date_gmt":"2024-07-11T11:01:44","guid":{"rendered":"https:\/\/versagrit.com\/aviso-legal\/"},"modified":"2024-08-21T09:37:27","modified_gmt":"2024-08-21T09:37:27","slug":"avviso-legale","status":"publish","type":"page","link":"https:\/\/versagrit.com\/it\/avviso-legale\/","title":{"rendered":"Avviso legale"},"content":{"rendered":"\t\t<div data-elementor-type=\"wp-page\" data-elementor-id=\"1866\" class=\"elementor elementor-1866 elementor-1524\" data-elementor-post-type=\"page\">\n\t\t\t\t<div class=\"elementor-element elementor-element-0a842d3 e-con-full e-flex e-con e-parent\" data-id=\"0a842d3\" data-element_type=\"container\" data-e-type=\"container\">\n\t\t\t\t<div class=\"elementor-element elementor-element-c6e48e6 elementor-widget__width-initial elementor-invisible elementor-widget elementor-widget-heading\" data-id=\"c6e48e6\" data-element_type=\"widget\" data-e-type=\"widget\" data-settings=\"{&quot;_animation&quot;:&quot;fadeInDown&quot;}\" data-widget_type=\"heading.default\">\n\t\t\t\t<div class=\"elementor-widget-container\">\n\t\t\t\t\t<h2 class=\"elementor-heading-title elementor-size-default\">Avviso legale<\/h2>\t\t\t\t<\/div>\n\t\t\t\t<\/div>\n\t\t\t\t<div class=\"elementor-element elementor-element-a2f2d79 elementor-widget elementor-widget-text-editor\" data-id=\"a2f2d79\" data-element_type=\"widget\" data-e-type=\"widget\" data-widget_type=\"text-editor.default\">\n\t\t\t\t<div class=\"elementor-widget-container\">\n\t\t\t\t\t\t\t\t\t<p><strong>Titolare del sito web e dati di contatto<\/strong><\/p><p>www.versagrit.com \u00e8 un dominio Internet di propriet\u00e0 di COMPLEMENTOS SANITARIOS, S.A. (di seguito, COMSAN) con CIF\/NIF A08183816 e sede in AVDA. BERTRAN I G\u00dcELL, 64 APDO.38 08855 GAV\u00c0 (BARCELLONA). Registrata nel registro mercantile di Barcellona, tomo 1261, libro 130 sezione 3\u00aa folio 108, foglio 2844 prima iscrizione.<\/p><p>Lo scopo del sito web \u00e8 informare sui prodotti di Versagrit.<\/p><p>\u00c8 possibile contattarci:<\/p><p>&#8211; Telefonicamente, al numero +34 93 638 22 88<br \/>&#8211; Per email, scrivendo a info@cssa.es<br \/>&#8211; Per iscritto, indirizzando la comunicazione a COMSAN, AVDA. BERTRAN I G\u00dcELL, 64 APDO.38 08855 GAV\u00c0 (BARCELLONA)<\/p><p>Per qualsiasi chiarimento, non esitate a contattare COMSAN.<\/p><p><strong>Condizioni d&#8217;uso del sito web<\/strong><\/p><p>Le presenti condizioni d&#8217;uso regolano l&#8217;accesso a questo sito web da parte dei clienti di COMSAN e altri utenti di Internet. Con il solo utilizzo di questo sito web, l&#8217;utente manifesta la propria accettazione senza riserve delle presenti condizioni d&#8217;uso.<\/p><p>COMSAN si riserva il diritto unilaterale di modificare le presenti condizioni di accesso al sito web, nonch\u00e9 i contenuti in esso inclusi.<\/p><p><strong>Limitazione ed esclusione di responsabilit\u00e0<\/strong><\/p><p>Il contenuto di questo sito web \u00e8 di carattere generale e ha scopi ed effetti esclusivamente informativi. COMSAN rifiuta ogni responsabilit\u00e0 riguardo a qualsiasi informazione non elaborata da essa o pubblicata in suo nome in modo non autorizzato, cos\u00ec come la responsabilit\u00e0 derivante dal cattivo utilizzo da parte di terzi dei contenuti.<\/p><p>L&#8217;utente esonera COMSAN da qualsiasi responsabilit\u00e0 che possa derivare dall&#8217;interruzione della disponibilit\u00e0 del sito web, sia a causa di malfunzionamenti del server web o delle applicazioni, delle infrastrutture di comunicazione, sia del software e hardware utilizzati per la navigazione.<\/p><p>Nel caso di inclusione di link ad altri siti web, COMSAN declina ogni responsabilit\u00e0 in relazione all&#8217;accesso e all&#8217;utilizzo di tali link.<\/p><p><strong>Propriet\u00e0 intellettuale e industriale<\/strong><\/p><p>L&#8217;intero contenuto di questo sito \u00e8 protetto dalle leggi sulla propriet\u00e0 intellettuale e industriale. Salvo diversa indicazione, i diritti di propriet\u00e0 intellettuale su questi contenuti appartengono esclusivamente a COMSAN. L&#8217;utente riconosce che l&#8217;uso dei contenuti \u00e8 strettamente limitato a finalit\u00e0 personali dell&#8217;utente stesso e che la riproduzione, distribuzione, comunicazione o trasformazione non espressamente autorizzata di tali opere costituisce una violazione dei diritti di propriet\u00e0 intellettuale.<\/p><p>Inoltre, l&#8217;utente si asterr\u00e0 dall&#8217;utilizzare i contenuti e, in particolare, le informazioni di qualsiasi tipo ottenute attraverso il sito web per inviare pubblicit\u00e0, comunicazioni con finalit\u00e0 di vendita diretta o con qualsiasi altra finalit\u00e0 commerciale, messaggi non richiesti indirizzati a una pluralit\u00e0 di persone indipendentemente dalla loro finalit\u00e0. Si asterr\u00e0 anche dal commercializzare o divulgare in qualsiasi modo tali informazioni.<\/p><p>www.versagrit.com \u00e8 un dominio di COMSAN. Non pu\u00f2 essere utilizzato, salvo previa autorizzazione espressa, in connessione con altri prodotti o servizi che non siano di COMSAN in nessun modo che possa causare confusione tra i nostri clienti o discredito di COMSAN.<\/p><p><strong>Politica per i collegamenti a questo sito web<\/strong><\/p><p>Se qualsiasi utente, entit\u00e0 o sito web desiderasse stabilire un tipo di collegamento con destinazione a questo sito web, dovr\u00e0 richiedere l&#8217;autorizzazione preventiva e scritta per realizzare il collegamento.<\/p><p>Inoltre, \u00e8 consentito collegarsi solo alla pagina iniziale del sito web. Il collegamento deve essere assoluto e completo, ovvero deve portare l&#8217;utente all&#8217;indirizzo di COMSAN coprendo completamente l&#8217;estensione dello schermo della pagina che contiene il collegamento. In nessun caso, salvo autorizzazione espressa e scritta di COMSAN, la pagina che effettua il collegamento potr\u00e0 riprodurre in alcun modo il sito web di COMSAN, includerla come parte del proprio sito web o all&#8217;interno di uno dei suoi frame su qualsiasi pagina o contenuto del presente sito web.<\/p><p>Non verr\u00e0 inclusa alcuna dichiarazione falsa, inaccurata o errata sulle pagine di questo sito web o sui servizi in esso offerti.<\/p><p>Il collegamento non conterr\u00e0 alcun marchio, nome commerciale, insegna, denominazione, logo, slogan o altri segni distintivi appartenenti a COMSAN.<\/p><p>In nessuna circostanza, COMSAN sar\u00e0 responsabile per i contenuti o i servizi messi a disposizione del pubblico sul sito web da cui viene effettuato l&#8217;ipertesto n\u00e9 delle informazioni o dichiarazioni incluse negli stessi.<\/p><p><strong>Protezione dei dati personali<\/strong><\/p><p>L&#8217;utilizzo di questo sito web e dei suoi moduli richiede l&#8217;accettazione del trattamento dei dati dell&#8217;utente in conformit\u00e0 con la nostra politica sulla privacy, inclusa la raccolta di dati di accesso e l&#8217;invio di informazioni commerciali per via elettronica.<\/p><p>Leggere attentamente la nostra politica sulla privacy per sapere come utilizziamo i dati degli utenti e come esercitare i diritti di accesso, rettifica, cancellazione e opposizione.<\/p><p>Nel caso in cui questo avviso legale venga tradotto in altre lingue, in caso di discrepanza, prevarr\u00e0 la versione spagnola.<\/p><p><strong>Legislazione e giurisdizione applicabile<\/strong><\/p><p>Il presente Avviso Legale cos\u00ec come i rapporti tra COMSAN e gli utenti, saranno regolati dalla normativa spagnola vigente e qualsiasi controversia sar\u00e0 sottoposta ai Tribunali di BARCELLONA, salvo nel caso di consumatori e utenti in cui si applicher\u00e0 il foro imperativo dei tribunali competenti in base al loro domicilio.<\/p><p>\u00a9 2024 COMSAN<\/p>\t\t\t\t\t\t\t\t<\/div>\n\t\t\t\t<\/div>\n\t\t\t\t<\/div>\n\t\t\t\t<\/div>\n\t\t","protected":false},"excerpt":{"rendered":"<p>Avviso legale Titolare del sito web e dati di contatto www.versagrit.com \u00e8 un dominio Internet di propriet\u00e0 di COMPLEMENTOS SANITARIOS, S.A. (di seguito, COMSAN) con CIF\/NIF A08183816 e sede in AVDA. BERTRAN I G\u00dcELL, 64 APDO.38 08855 GAV\u00c0 (BARCELLONA). Registrata nel registro mercantile di Barcellona, tomo 1261, libro 130 sezione 3\u00aa folio 108, foglio 2844 [&hellip;]<\/p>\n","protected":false},"author":1,"featured_media":0,"parent":0,"menu_order":0,"comment_status":"closed","ping_status":"closed","template":"","meta":{"footnotes":""},"class_list":["post-1866","page","type-page","status-publish","hentry"],"_links":{"self":[{"href":"https:\/\/versagrit.com\/it\/wp-json\/wp\/v2\/pages\/1866","targetHints":{"allow":["GET"]}}],"collection":[{"href":"https:\/\/versagrit.com\/it\/wp-json\/wp\/v2\/pages"}],"about":[{"href":"https:\/\/versagrit.com\/it\/wp-json\/wp\/v2\/types\/page"}],"author":[{"embeddable":true,"href":"https:\/\/versagrit.com\/it\/wp-json\/wp\/v2\/users\/1"}],"replies":[{"embeddable":true,"href":"https:\/\/versagrit.com\/it\/wp-json\/wp\/v2\/comments?post=1866"}],"version-history":[{"count":5,"href":"https:\/\/versagrit.com\/it\/wp-json\/wp\/v2\/pages\/1866\/revisions"}],"predecessor-version":[{"id":1871,"href":"https:\/\/versagrit.com\/it\/wp-json\/wp\/v2\/pages\/1866\/revisions\/1871"}],"wp:attachment":[{"href":"https:\/\/versagrit.com\/it\/wp-json\/wp\/v2\/media?parent=1866"}],"curies":[{"name":"wp","href":"https:\/\/api.w.org\/{rel}","templated":true}]}}